{"id":20,"date":"2020-12-07T21:50:24","date_gmt":"2020-12-07T20:50:24","guid":{"rendered":"http:\/\/stimuliastro.org\/?page_id=20"},"modified":"2023-05-11T14:09:44","modified_gmt":"2023-05-11T12:09:44","slug":"animations-et-mediations-en-astronomie","status":"publish","type":"page","link":"https:\/\/stimuliastro.org\/","title":{"rendered":"Animations et m\u00e9diations en astronomie"},"content":{"rendered":"\n<div class=\"wp-block-image\"><figure class=\"aligncenter size-large\"><img loading=\"lazy\" decoding=\"async\" width=\"1024\" height=\"683\" src=\"http:\/\/stimuliastro.org\/wp-content\/uploads\/2020\/12\/MG_0330-1024x683.jpg\" alt=\"\" class=\"wp-image-23\" srcset=\"https:\/\/stimuliastro.org\/wp-content\/uploads\/2020\/12\/MG_0330-1024x683.jpg 1024w, https:\/\/stimuliastro.org\/wp-content\/uploads\/2020\/12\/MG_0330-300x200.jpg 300w, https:\/\/stimuliastro.org\/wp-content\/uploads\/2020\/12\/MG_0330-768x512.jpg 768w, https:\/\/stimuliastro.org\/wp-content\/uploads\/2020\/12\/MG_0330-1536x1024.jpg 1536w, https:\/\/stimuliastro.org\/wp-content\/uploads\/2020\/12\/MG_0330-2048x1365.jpg 2048w, https:\/\/stimuliastro.org\/wp-content\/uploads\/2020\/12\/MG_0330-1200x800.jpg 1200w, https:\/\/stimuliastro.org\/wp-content\/uploads\/2020\/12\/MG_0330-1980x1320.jpg 1980w\" sizes=\"auto, (max-width: 706px) 89vw, (max-width: 767px) 82vw, 740px\" \/><\/figure><\/div>\n\n\n\n<p><\/p>\n\n\n\n<p><strong>L&rsquo;association Stimuli<\/strong> propose des animations autour de l&rsquo;astronomie \u00e0 destination de tous les publics.<\/p>\n\n\n\n<p><\/p>\n\n\n\n<div class=\"wp-block-group\"><div class=\"wp-block-group__inner-container is-layout-flow wp-block-group-is-layout-flow\">\n<p class=\"has-text-align-left\">Des<strong> soir\u00e9es d&rsquo;observation<\/strong> du ciel&nbsp;: <strong>\u00ab&nbsp;Les \u00e9toiles de votre jardin&nbsp;\u00bb<\/strong><\/p>\n\n\n\n<p class=\"has-text-align-left\">Des <strong>ateliers <\/strong>p\u00e9dagogiques&nbsp;: <strong>\u00ab&nbsp;Les ateliers du ciel&nbsp;\u00bb<\/strong><\/p>\n\n\n\n<p class=\"has-text-align-left\">Une <strong>exposition de photographies<\/strong> originales du ciel&nbsp;: <strong>\u00ab&nbsp;Les yeux au ciel&nbsp;\u00bb<\/strong><\/p>\n\n\n\n<p class=\"has-text-align-left\">Un <strong>spectacle<\/strong> jeune public\u00a0: <strong>\u00ab\u00a0Dans le ciel il y a &#8230;\u00a0\u00bb<\/strong><\/p>\n<\/div><\/div>\n\n\n\n<h2 class=\"has-text-align-center wp-block-heading\"><em><strong>Les soir\u00e9es d&rsquo;observation<\/strong><\/em><\/h2>\n\n\n\n<p>Elles se d\u00e9roulent dans un lieu que nous aurons choisi ensemble, au plus pr\u00e8s de chez vous mais loin de toute lumi\u00e8re directe.<\/p>\n\n\n\n<div class=\"wp-block-image\"><figure class=\"aligncenter size-large\"><img loading=\"lazy\" decoding=\"async\" width=\"1024\" height=\"768\" src=\"http:\/\/stimuliastro.org\/wp-content\/uploads\/2020\/12\/soiree1-1024x768.jpg\" alt=\"\" class=\"wp-image-24\" srcset=\"https:\/\/stimuliastro.org\/wp-content\/uploads\/2020\/12\/soiree1-1024x768.jpg 1024w, https:\/\/stimuliastro.org\/wp-content\/uploads\/2020\/12\/soiree1-300x225.jpg 300w, https:\/\/stimuliastro.org\/wp-content\/uploads\/2020\/12\/soiree1-768x576.jpg 768w, https:\/\/stimuliastro.org\/wp-content\/uploads\/2020\/12\/soiree1-1536x1152.jpg 1536w, https:\/\/stimuliastro.org\/wp-content\/uploads\/2020\/12\/soiree1-2048x1536.jpg 2048w, https:\/\/stimuliastro.org\/wp-content\/uploads\/2020\/12\/soiree1-1200x900.jpg 1200w, https:\/\/stimuliastro.org\/wp-content\/uploads\/2020\/12\/soiree1-1980x1485.jpg 1980w\" sizes=\"auto, (max-width: 706px) 89vw, (max-width: 767px) 82vw, 740px\" \/><\/figure><\/div>\n\n\n\n<p><strong>Les \u00e9toiles de votre jardin<\/strong> &#8230;<\/p>\n\n\n\n<p>&#8230; c\u2019est une balade \u00e0 travers le ciel, autour d\u2019un t\u00e9lescope, en compagnie d\u2019un animateur professionnel en astronomie.<\/p>\n\n\n\n<p>Quelle est cette \u00e9toile, cette constellation ? Qu\u2019est-ce qu\u2019une galaxie, une n\u00e9buleuse ? Pour d\u00e9couvrir l\u2019astronomie, en savoir plus sur l\u2019Univers, apprendre \u00e0 utiliser un t\u00e9lescope ou simplement r\u00eaver &#8230;<\/p>\n\n\n\n<p>De la mythologie aux l\u00e9gendes chinoises, de la couleur des \u00e9toiles \u00e0 la physique du Soleil, des \u00e9toiles filantes aux satellites, de la Voie lact\u00e9e \u00e0 la galaxie d\u2019Androm\u00e8de, le voyage \u00e0 l\u2019\u0153il nu nous emportera au moins une heure \u00e0 des ann\u00e9es-lumi\u00e8res du plancher des vaches.<\/p>\n\n\n\n<p>Il sera alors l\u2019heure d\u2019observer les objets dont nous aurons parl\u00e9 auparavant en posant l\u2019\u0153il \u00e0 l\u2019oculaire des t\u00e9lescopes.<\/p>\n\n\n\n<p>Nous observerons la Lune si elle est au rendez-vous, les plan\u00e8tes visibles, des amas d\u2019\u00e9toiles, des n\u00e9buleuses et des galaxies.<\/p>\n\n\n\n<p>La balade se terminera lorsque tous auront pu observer chacun de ces objets du ciel !<\/p>\n\n\n\n<h2 class=\"has-text-align-center wp-block-heading\"><em><strong>Les m\u00e9diations<\/strong><\/em><\/h2>\n\n\n\n<div class=\"wp-block-image\"><figure class=\"aligncenter size-large\"><img loading=\"lazy\" decoding=\"async\" width=\"800\" height=\"600\" src=\"http:\/\/stimuliastro.org\/wp-content\/uploads\/2020\/12\/Photo-336.jpg\" alt=\"\" class=\"wp-image-28\" srcset=\"https:\/\/stimuliastro.org\/wp-content\/uploads\/2020\/12\/Photo-336.jpg 800w, https:\/\/stimuliastro.org\/wp-content\/uploads\/2020\/12\/Photo-336-300x225.jpg 300w, https:\/\/stimuliastro.org\/wp-content\/uploads\/2020\/12\/Photo-336-768x576.jpg 768w\" sizes=\"auto, (max-width: 706px) 89vw, (max-width: 767px) 82vw, 740px\" \/><\/figure><\/div>\n\n\n\n<p><strong>\u00ab\u00a0Les ateliers du ciel\u00a0\u00bb<\/strong><\/p>\n\n\n\n<p>Ce sont des ateliers th\u00e9matiques, o\u00f9 nous pouvons intervenir autant aupr\u00e8s des tout petits, par des animations autour des l\u00e9gendes du ciel et des notions simples telles que l&rsquo;alternance des jours et des nuits, qu&rsquo;aupr\u00e8s des plus grands, par la construction de cartes du ciel, la d\u00e9couverte des mouvements du Soleil, de la Terre et de la Lune ou toujours plus loin vers les \u00e9toiles et les galaxies.<\/p>\n\n\n\n<blockquote class=\"wp-block-quote is-layout-flow wp-block-quote-is-layout-flow\"><p>&#8211; Fabrication d&rsquo;une carte du ciel <br>&#8211; Fabrication d&rsquo;un cadran solaire <br>&#8211; Fabrication et tir de fus\u00e9es \u00e0 eau<br>&#8211; Syst\u00e8me solaire : diaporama et maquette du syst\u00e8me solaire<br>&#8211; De la terre aux confins de l&rsquo;Univers&nbsp; : diaporama, observation du Soleil<br>&#8211; Vie et mort des \u00e9toiles &nbsp;: diaporama et observation du Soleil<br>&#8211; De la Terre au del\u00e0 des nuages&nbsp;: diaporama, observation du Soleil<br>&#8211; Atelier maternelle  : Le jour et la nuit \/ Contes et l\u00e9gendes<br>&#8211; Atelier CP  : Le jour et la nuit \/ Syst\u00e8me Soleil Terre Lune \/ Balade dans l&rsquo;univers<\/p><\/blockquote>\n\n\n\n<p><strong>Les diff\u00e9rents modules des ateliers <\/strong>peuvent \u00eatre combin\u00e9s et adapt\u00e9s \u00e0 vos besoins.<\/p>\n\n\n\n<p>Contactez-nous pour en conna\u00eetre le contenu d\u00e9taill\u00e9 .<\/p>\n\n\n\n<h2 class=\"has-text-align-center wp-block-heading\"><em><strong>L&rsquo;exposition<\/strong><\/em><\/h2>\n\n\n\n<div class=\"wp-block-image\"><figure class=\"aligncenter size-large\"><img loading=\"lazy\" decoding=\"async\" width=\"1024\" height=\"768\" src=\"http:\/\/stimuliastro.org\/wp-content\/uploads\/2020\/12\/m45_rogne-1024x768.jpg\" alt=\"\" class=\"wp-image-40\" srcset=\"https:\/\/stimuliastro.org\/wp-content\/uploads\/2020\/12\/m45_rogne-1024x768.jpg 1024w, https:\/\/stimuliastro.org\/wp-content\/uploads\/2020\/12\/m45_rogne-300x225.jpg 300w, https:\/\/stimuliastro.org\/wp-content\/uploads\/2020\/12\/m45_rogne-768x576.jpg 768w, https:\/\/stimuliastro.org\/wp-content\/uploads\/2020\/12\/m45_rogne-1536x1152.jpg 1536w, https:\/\/stimuliastro.org\/wp-content\/uploads\/2020\/12\/m45_rogne-2048x1536.jpg 2048w, https:\/\/stimuliastro.org\/wp-content\/uploads\/2020\/12\/m45_rogne-1200x900.jpg 1200w, https:\/\/stimuliastro.org\/wp-content\/uploads\/2020\/12\/m45_rogne-1980x1485.jpg 1980w\" sizes=\"auto, (max-width: 706px) 89vw, (max-width: 767px) 82vw, 740px\" \/><\/figure><\/div>\n\n\n\n<p><strong>Les yeux au ciel<\/strong>&nbsp;&#8230;<\/p>\n\n\n\n<p>\u2026 comprend une vingtaine de photographies originales en 30&#215;40. Ce sont des clich\u00e9s de ph\u00e9nom\u00e8nes atmosph\u00e9riques (arc en ciel, parh\u00e9lie..), et d&rsquo;objets du ciel (la Lune, le Soleil, des plan\u00e8tes, amas d&rsquo;\u00e9toiles, n\u00e9buleuses, galaxies).<\/p>\n\n\n\n<p>Une dizaine de textes accompagnent ces photographies et permettent une visite libre.<\/p>\n\n\n\n<p>La visite guid\u00e9e de l&rsquo;exposition permet d&rsquo;entreprendre un voyage au d\u00e9part de la Terre. En s&rsquo;en \u00e9loignant progressivement, nous ferons connaissance des objets du syst\u00e8me solaire puis de ceux qui peuplent notre Galaxie.<\/p>\n\n\n\n<p>Cette balade grand public sur le ciel peut aussi \u00eatre une occasion de parler des techniques photographiques en astronomie.<\/p>\n\n\n\n<h2 class=\"has-text-align-center wp-block-heading\"><em><strong>Le spectacle<\/strong><\/em><\/h2>\n\n\n\n<div class=\"wp-block-image\"><figure class=\"aligncenter size-large\"><img loading=\"lazy\" decoding=\"async\" width=\"1024\" height=\"724\" src=\"http:\/\/stimuliastro.org\/wp-content\/uploads\/2020\/12\/planche8-1024x724.jpg\" alt=\"\" class=\"wp-image-31\" srcset=\"https:\/\/stimuliastro.org\/wp-content\/uploads\/2020\/12\/planche8-1024x724.jpg 1024w, https:\/\/stimuliastro.org\/wp-content\/uploads\/2020\/12\/planche8-300x212.jpg 300w, https:\/\/stimuliastro.org\/wp-content\/uploads\/2020\/12\/planche8-768x543.jpg 768w, https:\/\/stimuliastro.org\/wp-content\/uploads\/2020\/12\/planche8-1536x1086.jpg 1536w, https:\/\/stimuliastro.org\/wp-content\/uploads\/2020\/12\/planche8-2048x1448.jpg 2048w, https:\/\/stimuliastro.org\/wp-content\/uploads\/2020\/12\/planche8-1200x848.jpg 1200w, https:\/\/stimuliastro.org\/wp-content\/uploads\/2020\/12\/planche8-1980x1400.jpg 1980w\" sizes=\"auto, (max-width: 706px) 89vw, (max-width: 767px) 82vw, 740px\" \/><\/figure><\/div>\n\n\n\n<p><strong>Dans le ciel il y a \u2026<\/strong><\/p>\n\n\n\n<p> &#8230; est un spectacle jeune public (adultes admis ! ) de 50 minutes.<\/p>\n\n\n\n<p><br><strong>\u00ab\u00a0Dans le ciel il y a \u2026\u00a0\u00bb<\/strong> m\u00eale contes et l\u00e9gendes du ciel et th\u00e9\u00e2tre d&rsquo;objet ; m\u00eale aussi le vrai et le faux, l&rsquo;astronomie et les mythologies.<\/p>\n\n\n\n<p><br>En partant en voyage dans le syst\u00e8me solaire <strong>Walter<\/strong> nous en explique quelques rudiments : le jour et la nuit sur Terre, de quoi notre Soleil est fait, comment diff\u00e9rencier une plan\u00e8te d&rsquo;une \u00e9toile, la course de la Lune autour de la Terre et celle de la Terre autour du Soleil. <strong>Jamy<\/strong>, lui, raconte des histoires, des histoires invent\u00e9es par nos anc\u00eatres, aux quatre coins du monde, pour expliquer ce qu&rsquo;ils voyaient sur le ciel le  jour et la nuit.<br>D\u00e9m\u00ealer le vrai du faux, c&rsquo;est aussi cela <strong>\u00ab\u00a0Dans le ciel il y a \u2026\u00a0\u00bb<\/strong>.<\/p>\n\n\n\n<p>La repr\u00e9sentation est suivi d&rsquo;une courte discussion de d\u00e9m\u00ealage de vrai du faux avec le public autour des notions scientifiques abord\u00e9es au cours du spectacle !<\/p>\n\n\n\n<figure class=\"wp-block-image size-large\"><img loading=\"lazy\" decoding=\"async\" width=\"885\" height=\"500\" src=\"http:\/\/stimuliastro.org\/wp-content\/uploads\/2023\/05\/dans-le-ciel-il-y-a_2-.jpg\" alt=\"\" class=\"wp-image-302\" srcset=\"https:\/\/stimuliastro.org\/wp-content\/uploads\/2023\/05\/dans-le-ciel-il-y-a_2-.jpg 885w, https:\/\/stimuliastro.org\/wp-content\/uploads\/2023\/05\/dans-le-ciel-il-y-a_2--300x169.jpg 300w, https:\/\/stimuliastro.org\/wp-content\/uploads\/2023\/05\/dans-le-ciel-il-y-a_2--768x434.jpg 768w\" sizes=\"auto, (max-width: 706px) 89vw, (max-width: 767px) 82vw, 740px\" \/><\/figure>\n\n\n\n<h2 class=\"has-text-align-center wp-block-heading\"><em><strong>L&rsquo;intervenant&nbsp;<\/strong><\/em><\/h2>\n\n\n\n<figure class=\"wp-block-image size-large\"><img loading=\"lazy\" decoding=\"async\" width=\"800\" height=\"592\" src=\"http:\/\/stimuliastro.org\/wp-content\/uploads\/2020\/12\/dobson.jpg\" alt=\"\" class=\"wp-image-27\" srcset=\"https:\/\/stimuliastro.org\/wp-content\/uploads\/2020\/12\/dobson.jpg 800w, https:\/\/stimuliastro.org\/wp-content\/uploads\/2020\/12\/dobson-300x222.jpg 300w, https:\/\/stimuliastro.org\/wp-content\/uploads\/2020\/12\/dobson-768x568.jpg 768w\" sizes=\"auto, (max-width: 706px) 89vw, (max-width: 767px) 82vw, 740px\" \/><\/figure>\n\n\n\n<p>Ces activit\u00e9s sont conduites par Jamy Delrieu m\u00e9diateur et animateur en astronomie professionnel.<\/p>\n\n\n\n<p class=\"has-text-align-center\">contact@stimuliastro.org<\/p>\n\n\n\n<p class=\"has-text-align-center\">06 17 76 55 15  <\/p>\n\n\n\n<p class=\"has-text-align-center\"><a href=\"http:\/\/stimuliastro.org\/?page_id=3&amp;preview=true\" data-type=\"URL\" data-id=\"http:\/\/stimuliastro.org\/?page_id=3&amp;preview=true\">Mentions l\u00e9gales<\/a><\/p>\n","protected":false},"excerpt":{"rendered":"<p>L&rsquo;association Stimuli propose des animations autour de l&rsquo;astronomie \u00e0 destination de tous les publics. Des soir\u00e9es d&rsquo;observation du ciel&nbsp;: \u00ab&nbsp;Les \u00e9toiles de votre jardin&nbsp;\u00bb Des ateliers p\u00e9dagogiques&nbsp;: \u00ab&nbsp;Les ateliers du ciel&nbsp;\u00bb Une exposition de photographies originales du ciel&nbsp;: \u00ab&nbsp;Les yeux au ciel&nbsp;\u00bb Un spectacle jeune public\u00a0: \u00ab\u00a0Dans le ciel il y a &#8230;\u00a0\u00bb Les soir\u00e9es &hellip; <\/p>\n<p class=\"link-more\"><a href=\"https:\/\/stimuliastro.org\/\" class=\"more-link\">Continuer la lecture<span class=\"screen-reader-text\"> de &laquo;&nbsp;Animations et m\u00e9diations en astronomie&nbsp;&raquo;<\/span><\/a><\/p>\n","protected":false},"author":1,"featured_media":0,"parent":0,"menu_order":0,"comment_status":"closed","ping_status":"closed","template":"","meta":{"footnotes":""},"class_list":["post-20","page","type-page","status-publish","hentry"],"_links":{"self":[{"href":"https:\/\/stimuliastro.org\/index.php\/wp-json\/wp\/v2\/pages\/20","targetHints":{"allow":["GET"]}}],"collection":[{"href":"https:\/\/stimuliastro.org\/index.php\/wp-json\/wp\/v2\/pages"}],"about":[{"href":"https:\/\/stimuliastro.org\/index.php\/wp-json\/wp\/v2\/types\/page"}],"author":[{"embeddable":true,"href":"https:\/\/stimuliastro.org\/index.php\/wp-json\/wp\/v2\/users\/1"}],"replies":[{"embeddable":true,"href":"https:\/\/stimuliastro.org\/index.php\/wp-json\/wp\/v2\/comments?post=20"}],"version-history":[{"count":25,"href":"https:\/\/stimuliastro.org\/index.php\/wp-json\/wp\/v2\/pages\/20\/revisions"}],"predecessor-version":[{"id":305,"href":"https:\/\/stimuliastro.org\/index.php\/wp-json\/wp\/v2\/pages\/20\/revisions\/305"}],"wp:attachment":[{"href":"https:\/\/stimuliastro.org\/index.php\/wp-json\/wp\/v2\/media?parent=20"}],"curies":[{"name":"wp","href":"https:\/\/api.w.org\/{rel}","templated":true}]}}