{"id":72,"date":"2022-05-03T10:09:48","date_gmt":"2022-05-03T08:09:48","guid":{"rendered":"http:\/\/stimuliastro.org\/?page_id=72"},"modified":"2023-09-22T17:20:12","modified_gmt":"2023-09-22T15:20:12","slug":"qualite-du-ciel-nocturne-trame-noire-et-spqmetre","status":"publish","type":"page","link":"https:\/\/stimuliastro.org\/index.php\/animations-et-mediations-en-astronomie\/qualite-du-ciel-nocturne-trame-noire-et-spqmetre\/","title":{"rendered":"Compter les \u00e9toiles au SPQM\u00e8tre !"},"content":{"rendered":"\n<p><\/p>\n\n\n\n<div class=\"wp-block-image\"><figure class=\"aligncenter size-large is-resized\"><img loading=\"lazy\" decoding=\"async\" src=\"http:\/\/stimuliastro.org\/wp-content\/uploads\/2022\/05\/pqmetre1.0-4.jpg\" alt=\"\" class=\"wp-image-170\" width=\"146\" height=\"81\" srcset=\"https:\/\/stimuliastro.org\/wp-content\/uploads\/2022\/05\/pqmetre1.0-4.jpg 435w, https:\/\/stimuliastro.org\/wp-content\/uploads\/2022\/05\/pqmetre1.0-4-300x167.jpg 300w\" sizes=\"auto, (max-width: 146px) 100vw, 146px\" \/><\/figure><\/div>\n\n\n\n<h1 class=\"has-text-align-center wp-block-heading\"><strong>Compter les \u00e9toiles<\/strong> : le SPQM\u00e8tre <\/h1>\n\n\n\n<p>Ce simple rouleau de papier toilette de 10 cm de long et 4 cm de diam\u00e8tre est un outil de comptage d&rsquo;\u00e9toiles r\u00e9volutionnaire !<\/p>\n\n\n\n<div class=\"wp-block-image\"><figure class=\"aligncenter size-large is-resized\"><img loading=\"lazy\" decoding=\"async\" src=\"http:\/\/stimuliastro.org\/wp-content\/uploads\/2022\/05\/pollution-lum-echelle-photo_cr.jpg\" alt=\"\" class=\"wp-image-219\" width=\"415\" height=\"249\" srcset=\"https:\/\/stimuliastro.org\/wp-content\/uploads\/2022\/05\/pollution-lum-echelle-photo_cr.jpg 995w, https:\/\/stimuliastro.org\/wp-content\/uploads\/2022\/05\/pollution-lum-echelle-photo_cr-300x181.jpg 300w, https:\/\/stimuliastro.org\/wp-content\/uploads\/2022\/05\/pollution-lum-echelle-photo_cr-768x462.jpg 768w\" sizes=\"auto, (max-width: 415px) 100vw, 415px\" \/><\/figure><\/div>\n\n\n\n<h3 class=\"wp-block-heading\"><strong>Avant propos<\/strong><\/h3>\n\n\n\n<p class=\"has-text-align-left\">Le<span class=\"has-inline-color has-vivid-red-color\"><strong> SPQM\u00e8tre<\/strong><\/span> est  inspir\u00e9 du compteur d&rsquo;\u00e9toiles d\u00e9crit dans le n\u00b0145  des Cahiers Clairauts du CLEA (<em>Comit\u00e9 de Liaison Enseignants Astronomes<\/em>), \u00e0 voir<strong> <a rel=\"noreferrer noopener\" href=\"http:\/\/clea-astro.eu\/archives\/cahiers-clairaut\/CLEA_CahiersClairaut_145.pdf\" target=\"_blank\">ICI<\/a><\/strong>. Il est aussi le descendant direct d&rsquo;une exp\u00e9rience de science participative men\u00e9e en Inde en 2013. Ce projet utilisait des tubes de cartons afin de compter les \u00e9toiles et estimer la qualit\u00e9 du ciel. Dans le cadre du \u00ab\u00a0Project Dark Skies\u00a0\u00bb, l&rsquo;association SPACE* avait lanc\u00e9 l&rsquo;initiative \u201c The Great Indian Star Count 2013 \u201d en collaboration avec Globe at night**. On y trouvait (d\u00e9j\u00e0 !) la \u00ab\u00a0m\u00e9thode du tube\u00a0\u00bb .<\/p>\n\n\n\n<p class=\"has-text-align-left\">Malheureusement les pages relatives \u00e0 ce projet ont  \u00e9t\u00e9 supprim\u00e9es. (https:\/\/projectdarkskies.org\/pipe.htm)<\/p>\n\n\n\n<div class=\"wp-block-image\"><figure class=\"aligncenter size-large is-resized\"><img loading=\"lazy\" decoding=\"async\" src=\"http:\/\/stimuliastro.org\/wp-content\/uploads\/2022\/05\/pipe.jpg\" alt=\"\" class=\"wp-image-167\" width=\"232\" height=\"171\" srcset=\"https:\/\/stimuliastro.org\/wp-content\/uploads\/2022\/05\/pipe.jpg 400w, https:\/\/stimuliastro.org\/wp-content\/uploads\/2022\/05\/pipe-300x221.jpg 300w\" sizes=\"auto, (max-width: 232px) 100vw, 232px\" \/><\/figure><\/div>\n\n\n\n<div class=\"wp-block-columns is-layout-flex wp-container-core-columns-is-layout-9d6595d7 wp-block-columns-is-layout-flex\">\n<div class=\"wp-block-column is-layout-flow wp-block-column-is-layout-flow\" style=\"flex-basis:100%\">\n<p><em>*Retrouvez le site actuel de SPACE (Science Popularisation Association of Communicators and Educators),<strong><a rel=\"noreferrer noopener\" href=\"https:\/\/www.space-india.com\/\" target=\"_blank\"> ICI<\/a><\/strong>. <br>**Globe at Night est un programme de recherche scientifique international qui rassemble des mesures de la pollution lumineuse.<br><\/em><\/p>\n<\/div>\n<\/div>\n\n\n\n<h3 class=\"wp-block-heading\"><strong>Les aventures du SPQm\u00e8tre<\/strong><\/h3>\n\n\n\n<p>Pour le jour de la nuit 2023 l&rsquo;AFA s&#8217;empare du SPQm\u00e8tre (rebaptis\u00e9 rouleau en carton) : <\/p>\n\n\n\n<p><a rel=\"noreferrer noopener\" href=\"https:\/\/www.afastronomie.fr\/rouleau-en-carton\" target=\"_blank\">https:\/\/www.afastronomie.fr\/rouleau-en-carton<\/a><\/p>\n\n\n\n<figure class=\"wp-block-image size-large is-resized\"><a href=\"https:\/\/www.afastronomie.fr\/rouleau-en-carton\" target=\"_blank\" rel=\"noopener\"><img loading=\"lazy\" decoding=\"async\" src=\"http:\/\/stimuliastro.org\/wp-content\/uploads\/2023\/09\/spqmetre-650c-827x1024.jpeg\" alt=\"\" class=\"wp-image-328\" width=\"463\" height=\"573\" srcset=\"https:\/\/stimuliastro.org\/wp-content\/uploads\/2023\/09\/spqmetre-650c-827x1024.jpeg 827w, https:\/\/stimuliastro.org\/wp-content\/uploads\/2023\/09\/spqmetre-650c-242x300.jpeg 242w, https:\/\/stimuliastro.org\/wp-content\/uploads\/2023\/09\/spqmetre-650c-768x951.jpeg 768w, https:\/\/stimuliastro.org\/wp-content\/uploads\/2023\/09\/spqmetre-650c-1240x1536.jpeg 1240w, https:\/\/stimuliastro.org\/wp-content\/uploads\/2023\/09\/spqmetre-650c.jpeg 1312w\" sizes=\"auto, (max-width: 463px) 100vw, 463px\" \/><\/a><figcaption>Cr\u00e9dit AFA<\/figcaption><\/figure>\n\n\n\n<h3 class=\"has-text-align-left wp-block-heading\"><strong>SPQM\u00e8tre mode d&#8217;emploi<\/strong> : <em>viser, compter, calculer, interpr\u00e9ter !<\/em><\/h3>\n\n\n\n<div class=\"wp-block-image\"><figure class=\"alignright size-large\"><img loading=\"lazy\" decoding=\"async\" width=\"68\" height=\"269\" src=\"http:\/\/stimuliastro.org\/wp-content\/uploads\/2022\/05\/g12-3.jpg\" alt=\"\" class=\"wp-image-176\"\/><\/figure><\/div>\n\n\n\n<p class=\"has-text-align-left\">Cet outil, merveille de la nature qu\u2019est votre \u0153il, permet de distinguer \u00e0 travers le tube de papier toilette tourn\u00e9 vers le ciel, 1\/50 \u00e8me du ciel qui vous surplombe.<br>Si les \u00e9toiles \u00e9taient uniform\u00e9ment r\u00e9parties sur le ciel il vous suffirait de viser au hasard sur le ciel, de compter le nombre d\u2019\u00e9toiles visibles dans votre SPQM\u00e8tre, de multiplier ce nombre par 50 et vous obtiendriez le nombre d\u2019\u00e9toiles visibles sur la totalit\u00e9 de votre ciel.<br>En r\u00e9alit\u00e9 on ne voit pas le m\u00eame nombre d\u2019\u00e9toiles ni dans toutes les directions et ni \u00e0 toutes les hauteurs.<br>Il faut donc effectuer plusieurs vis\u00e9es dans des directions et \u00e0 des hauteurs diff\u00e9rentes, calculer la moyenne de tous ces comptages et multiplier cette moyenne par 50.<br>Vous obtenez alors le total des \u00e9toiles visibles sur votre ciel avec une relative pr\u00e9cision.<\/p>\n\n\n\n<h3 class=\"wp-block-heading\"><strong>La m\u00e9thode conseill\u00e9e<\/strong><\/h3>\n\n\n\n<h4 class=\"wp-block-heading\"><em>Viser<\/em><\/h4>\n\n\n\n<p class=\"has-text-align-center\">Effectuez <strong>13 vis\u00e9es<\/strong>&nbsp;: 3 par point cardinal (N,S,E,O) , \u00e0 20\u00b0, 45\u00b0 et 60\u00b0plus une au z\u00e9nith comme indiqu\u00e9 sur le sch\u00e9ma ci-dessous.<\/p>\n\n\n\n<div class=\"wp-block-image\"><figure class=\"aligncenter size-large is-resized\"><img loading=\"lazy\" decoding=\"async\" src=\"http:\/\/stimuliastro.org\/wp-content\/uploads\/2022\/05\/Document-3-page001_cr.jpg\" alt=\"\" class=\"wp-image-143\" width=\"584\" height=\"292\" srcset=\"https:\/\/stimuliastro.org\/wp-content\/uploads\/2022\/05\/Document-3-page001_cr.jpg 777w, https:\/\/stimuliastro.org\/wp-content\/uploads\/2022\/05\/Document-3-page001_cr-300x150.jpg 300w, https:\/\/stimuliastro.org\/wp-content\/uploads\/2022\/05\/Document-3-page001_cr-768x384.jpg 768w\" sizes=\"auto, (max-width: 584px) 100vw, 584px\" \/><figcaption>Effectuez des mesures \u00e0 des hauteurs et dans des directions diff\u00e9rentes.<\/figcaption><\/figure><\/div>\n\n\n\n<h4 class=\"wp-block-heading\"><em>Compter<\/em><\/h4>\n\n\n\n<div class=\"wp-block-image\"><figure class=\"aligncenter size-large is-resized\"><img loading=\"lazy\" decoding=\"async\" src=\"http:\/\/stimuliastro.org\/wp-content\/uploads\/2022\/05\/ciel-pqm-2.jpg\" alt=\"\" class=\"wp-image-141\" width=\"162\" height=\"163\" srcset=\"https:\/\/stimuliastro.org\/wp-content\/uploads\/2022\/05\/ciel-pqm-2.jpg 208w, https:\/\/stimuliastro.org\/wp-content\/uploads\/2022\/05\/ciel-pqm-2-150x150.jpg 150w, https:\/\/stimuliastro.org\/wp-content\/uploads\/2022\/05\/ciel-pqm-2-100x100.jpg 100w\" sizes=\"auto, (max-width: 162px) 100vw, 162px\" \/><\/figure><\/div>\n\n\n\n<p class=\"has-text-align-center\">Voici une id\u00e9e de ce que vous allez voir au travers du SPQM\u00e8tre\u2026<br>Combien comptez-vous d\u2019\u00e9toiles&nbsp;? 15 bien s\u00fbr ! Lors de la vis\u00e9e suivante vous continuerez \u00e0 compter&nbsp;: 16, 17, etc \u2026<\/p>\n\n\n\n<p>Un conseil : comptez de gauche \u00e0 droite et de haut en bas comme si vous lisiez.<\/p>\n\n\n\n<h4 class=\"has-text-align-left wp-block-heading\"><em>Calculer<\/em> <\/h4>\n\n\n\n<div class=\"wp-block-image\"><figure class=\"aligncenter size-large is-resized\"><a href=\"http:\/\/stimuliastro.org\/?p=151&amp;preview=true\"><img loading=\"lazy\" decoding=\"async\" src=\"http:\/\/stimuliastro.org\/wp-content\/uploads\/2022\/05\/Deus_mathematics-1024x1024.png\" alt=\"\" class=\"wp-image-164\" width=\"105\" height=\"105\" srcset=\"https:\/\/stimuliastro.org\/wp-content\/uploads\/2022\/05\/Deus_mathematics.png 1024w, https:\/\/stimuliastro.org\/wp-content\/uploads\/2022\/05\/Deus_mathematics-300x300.png 300w, https:\/\/stimuliastro.org\/wp-content\/uploads\/2022\/05\/Deus_mathematics-150x150.png 150w, https:\/\/stimuliastro.org\/wp-content\/uploads\/2022\/05\/Deus_mathematics-768x768.png 768w, https:\/\/stimuliastro.org\/wp-content\/uploads\/2022\/05\/Deus_mathematics-100x100.png 100w\" sizes=\"auto, (max-width: 105px) 100vw, 105px\" \/><\/a><\/figure><\/div>\n\n\n\n<p class=\"has-text-align-center\">En additionnant tous les comptages vous obtenez un nombre total d\u2019\u00e9toiles.<\/p>\n\n\n\n<p class=\"has-text-align-center\"><strong>Pour calculer le nombre total d&rsquo;\u00e9toiles visibles il suffit de multiplier ce nombre  par 4 !<\/strong><\/p>\n\n\n\n<p class=\"has-text-align-center\">Ok,  mais par quel myst\u00e8re ?  <\/p>\n\n\n\n<p class=\"has-text-align-center\">Cet <strong><a href=\"http:\/\/stimuliastro.org\/index.php\/2022\/05\/04\/calculer-lexplication\/\">article<\/a> <\/strong>vous l&rsquo;explique et vous parle aussi d&rsquo;autres m\u00e9thodes de calculs et de comptages.<\/p>\n\n\n\n<h4 class=\"wp-block-heading\"><em>Interpr\u00e9ter<\/em><\/h4>\n\n\n\n<div class=\"wp-block-image\"><figure class=\"aligncenter size-large is-resized\"><img loading=\"lazy\" decoding=\"async\" src=\"http:\/\/stimuliastro.org\/wp-content\/uploads\/2022\/05\/pleiades-1024x676.jpg\" alt=\"\" class=\"wp-image-123\" width=\"242\" height=\"159\" srcset=\"https:\/\/stimuliastro.org\/wp-content\/uploads\/2022\/05\/pleiades-1024x676.jpg 1024w, https:\/\/stimuliastro.org\/wp-content\/uploads\/2022\/05\/pleiades-300x198.jpg 300w, https:\/\/stimuliastro.org\/wp-content\/uploads\/2022\/05\/pleiades-768x507.jpg 768w, https:\/\/stimuliastro.org\/wp-content\/uploads\/2022\/05\/pleiades-1536x1014.jpg 1536w, https:\/\/stimuliastro.org\/wp-content\/uploads\/2022\/05\/pleiades-2048x1352.jpg 2048w\" sizes=\"auto, (max-width: 242px) 100vw, 242px\" \/><figcaption>Jamy Delrieu<\/figcaption><\/figure><\/div>\n\n\n\n<p class=\"has-text-align-center\">3000&nbsp;: c&rsquo;est le nombre th\u00e9orique d\u2019\u00e9toiles visibles \u00e0 l\u2019\u0153il nu par h\u00e9misph\u00e8re<br>2000&nbsp;: votre ciel est g\u00e9nial (en altitude )<br>Autour de 1600&nbsp;: tr\u00e8s bon ciel<br>1000 \u00e0 1400&nbsp;: bon ciel de campagne<br>500 \u00e0 1000&nbsp;: ciel moyen<br>En dessous de 500&nbsp;: ciel m\u00e9diocre<br>150 \u00e0 10&nbsp;: ciel de ville et centre ville<\/p>\n\n\n\n<h4 class=\"wp-block-heading\"><em>Avertissement<\/em><\/h4>\n\n\n\n<p>Pour pouvoir estimer la qualit\u00e9 du ciel nocturne il faut remplir quelques conditions&nbsp;:<br><strong>C\u00f4t\u00e9 observateur<\/strong>&nbsp;: s\u2019acclimater \u00e0 l\u2019obscurit\u00e9 (15 mn minimum), utiliser une lampe rouge pas trop puissante pour les notes.<br><strong>C\u00f4t\u00e9 ciel<\/strong>&nbsp;: pas de Lune, et pas de nuages (!)<\/p>\n\n\n\n<p class=\"has-text-align-center\"><strong>A vous de jouer !<\/strong><\/p>\n\n\n\n<div class=\"wp-block-image\"><figure class=\"aligncenter size-large is-resized\"><img loading=\"lazy\" decoding=\"async\" src=\"http:\/\/stimuliastro.org\/wp-content\/uploads\/2022\/05\/IMG_7511-1-683x1024.jpg\" alt=\"\" class=\"wp-image-144\" width=\"469\" height=\"703\" srcset=\"https:\/\/stimuliastro.org\/wp-content\/uploads\/2022\/05\/IMG_7511-1-683x1024.jpg 683w, https:\/\/stimuliastro.org\/wp-content\/uploads\/2022\/05\/IMG_7511-1-200x300.jpg 200w, https:\/\/stimuliastro.org\/wp-content\/uploads\/2022\/05\/IMG_7511-1-768x1151.jpg 768w, https:\/\/stimuliastro.org\/wp-content\/uploads\/2022\/05\/IMG_7511-1-1025x1536.jpg 1025w, https:\/\/stimuliastro.org\/wp-content\/uploads\/2022\/05\/IMG_7511-1-1367x2048.jpg 1367w, https:\/\/stimuliastro.org\/wp-content\/uploads\/2022\/05\/IMG_7511-1-scaled.jpg 1708w\" sizes=\"auto, (max-width: 469px) 100vw, 469px\" \/><figcaption>Jamy delrieu<\/figcaption><\/figure><\/div>\n\n\n\n<div class=\"wp-block-image\"><figure class=\"aligncenter size-large is-resized\"><img loading=\"lazy\" decoding=\"async\" src=\"http:\/\/stimuliastro.org\/wp-content\/uploads\/2022\/05\/stimuli-1024x724.jpg\" alt=\"\" class=\"wp-image-120\" width=\"194\" height=\"136\" srcset=\"https:\/\/stimuliastro.org\/wp-content\/uploads\/2022\/05\/stimuli-1024x724.jpg 1024w, https:\/\/stimuliastro.org\/wp-content\/uploads\/2022\/05\/stimuli-300x212.jpg 300w, https:\/\/stimuliastro.org\/wp-content\/uploads\/2022\/05\/stimuli-768x543.jpg 768w, https:\/\/stimuliastro.org\/wp-content\/uploads\/2022\/05\/stimuli-1536x1086.jpg 1536w, https:\/\/stimuliastro.org\/wp-content\/uploads\/2022\/05\/stimuli.jpg 1754w\" sizes=\"auto, (max-width: 194px) 100vw, 194px\" \/><\/figure><\/div>\n\n\n\n<h2 class=\"has-text-align-center wp-block-heading\"><strong>Nombre d&rsquo;\u00e9toiles et qualit\u00e9 du ciel<\/strong><\/h2>\n\n\n\n<h3 class=\"wp-block-heading\">Aller plus loin &#8230;<\/h3>\n\n\n\n<p>La brillance de fond de ciel se mesure traditionnellement au moyen d\u2019un Sky Quality Meter (voir ici : <a rel=\"noreferrer noopener\" href=\"https:\/\/fr.wikipedia.org\/wiki\/Instrument_de_mesure_de_la_qualit%C3%A9_du_ciel\" target=\"_blank\">SQM (Sky Quality Meter)<\/a> et elle est exprim\u00e9e en magnitudes par seconde d\u2019arc au carr\u00e9 (mag\/arcsec2). <\/p>\n\n\n\n<div class=\"wp-block-image\"><figure class=\"aligncenter size-large\"><img loading=\"lazy\" decoding=\"async\" width=\"218\" height=\"429\" src=\"http:\/\/stimuliastro.org\/wp-content\/uploads\/2022\/05\/echelle-sqm-dsl.jpg\" alt=\"\" class=\"wp-image-124\" srcset=\"https:\/\/stimuliastro.org\/wp-content\/uploads\/2022\/05\/echelle-sqm-dsl.jpg 218w, https:\/\/stimuliastro.org\/wp-content\/uploads\/2022\/05\/echelle-sqm-dsl-152x300.jpg 152w\" sizes=\"auto, (max-width: 218px) 100vw, 218px\" \/><figcaption>Infographie Dark Sky Lab <\/figcaption><\/figure><\/div>\n\n\n\n<p>Voir ici un article de Dark Sky Lab : <a href=\"https:\/\/darkskylab.com\/publications\/Mesure%20et%20mod%C3%A9lisation%20-%20DarkSkyLab%20-%20mars%202018.pdf\" target=\"_blank\" rel=\"noreferrer noopener\">Mesure et mod\u00e9lisation de la pollution lumineuse<\/a><\/p>\n","protected":false},"excerpt":{"rendered":"<p>Compter les \u00e9toiles : le SPQM\u00e8tre Ce simple rouleau de papier toilette de 10 cm de long et 4 cm de diam\u00e8tre est un outil de comptage d&rsquo;\u00e9toiles r\u00e9volutionnaire ! Avant propos Le SPQM\u00e8tre est inspir\u00e9 du compteur d&rsquo;\u00e9toiles d\u00e9crit dans le n\u00b0145 des Cahiers Clairauts du CLEA (Comit\u00e9 de Liaison Enseignants Astronomes), \u00e0 voir &hellip; <\/p>\n<p class=\"link-more\"><a href=\"https:\/\/stimuliastro.org\/index.php\/animations-et-mediations-en-astronomie\/qualite-du-ciel-nocturne-trame-noire-et-spqmetre\/\" class=\"more-link\">Continuer la lecture<span class=\"screen-reader-text\"> de &laquo;&nbsp;Compter les \u00e9toiles au SPQM\u00e8tre !&nbsp;&raquo;<\/span><\/a><\/p>\n","protected":false},"author":1,"featured_media":0,"parent":20,"menu_order":1,"comment_status":"closed","ping_status":"closed","template":"","meta":{"footnotes":""},"class_list":["post-72","page","type-page","status-publish","hentry"],"_links":{"self":[{"href":"https:\/\/stimuliastro.org\/index.php\/wp-json\/wp\/v2\/pages\/72","targetHints":{"allow":["GET"]}}],"collection":[{"href":"https:\/\/stimuliastro.org\/index.php\/wp-json\/wp\/v2\/pages"}],"about":[{"href":"https:\/\/stimuliastro.org\/index.php\/wp-json\/wp\/v2\/types\/page"}],"author":[{"embeddable":true,"href":"https:\/\/stimuliastro.org\/index.php\/wp-json\/wp\/v2\/users\/1"}],"replies":[{"embeddable":true,"href":"https:\/\/stimuliastro.org\/index.php\/wp-json\/wp\/v2\/comments?post=72"}],"version-history":[{"count":100,"href":"https:\/\/stimuliastro.org\/index.php\/wp-json\/wp\/v2\/pages\/72\/revisions"}],"predecessor-version":[{"id":334,"href":"https:\/\/stimuliastro.org\/index.php\/wp-json\/wp\/v2\/pages\/72\/revisions\/334"}],"up":[{"embeddable":true,"href":"https:\/\/stimuliastro.org\/index.php\/wp-json\/wp\/v2\/pages\/20"}],"wp:attachment":[{"href":"https:\/\/stimuliastro.org\/index.php\/wp-json\/wp\/v2\/media?parent=72"}],"curies":[{"name":"wp","href":"https:\/\/api.w.org\/{rel}","templated":true}]}}